{"id":1674,"date":"2023-04-11T14:56:10","date_gmt":"2023-04-11T14:56:10","guid":{"rendered":"https:\/\/victoriaguill.com\/?page_id=1674"},"modified":"2024-06-02T10:26:34","modified_gmt":"2024-06-02T10:26:34","slug":"exposiciones","status":"publish","type":"page","link":"https:\/\/victoriaguill.com\/index.php\/exposiciones\/","title":{"rendered":"Exposiciones"},"content":{"rendered":"\t\t<div data-elementor-type=\"wp-page\" data-elementor-id=\"1674\" class=\"elementor elementor-1674\">\n\t\t\t\t\t\t<section class=\"elementor-section elementor-top-section elementor-element elementor-element-600bee72 elementor-section-content-middle elementor-section-boxed elementor-section-height-default elementor-section-height-default\" data-id=\"600bee72\" data-element_type=\"section\" data-e-type=\"section\">\n\t\t\t\t\t\t<div class=\"elementor-container elementor-column-gap-no\">\n\t\t\t\t\t<div class=\"elementor-column elementor-col-50 elementor-top-column elementor-element elementor-element-6bf70934\" data-id=\"6bf70934\" data-element_type=\"column\" data-e-type=\"column\">\n\t\t\t<div class=\"elementor-widget-wrap elementor-element-populated\">\n\t\t\t\t\t\t<div class=\"elementor-element elementor-element-661f9749 elementor-widget elementor-widget-image\" data-id=\"661f9749\" data-element_type=\"widget\" data-e-type=\"widget\" data-widget_type=\"image.default\">\n\t\t\t\t<div class=\"elementor-widget-container\">\n\t\t\t\t\t\t\t\t\t\t\t\t\t\t\t<img fetchpriority=\"high\" decoding=\"async\" width=\"860\" height=\"645\" src=\"https:\/\/victoriaguill.com\/wp-content\/uploads\/2023\/04\/Reto-16.jpeg\" class=\"attachment-full size-full wp-image-2097\" alt=\"\" srcset=\"https:\/\/victoriaguill.com\/wp-content\/uploads\/2023\/04\/Reto-16.jpeg 860w, https:\/\/victoriaguill.com\/wp-content\/uploads\/2023\/04\/Reto-16-300x225.jpeg 300w, https:\/\/victoriaguill.com\/wp-content\/uploads\/2023\/04\/Reto-16-768x576.jpeg 768w\" sizes=\"(max-width: 860px) 100vw, 860px\" \/>\t\t\t\t\t\t\t\t\t\t\t\t\t\t\t<\/div>\n\t\t\t\t<\/div>\n\t\t\t\t<div class=\"elementor-element elementor-element-1e86e6c elementor-widget elementor-widget-image\" data-id=\"1e86e6c\" data-element_type=\"widget\" data-e-type=\"widget\" data-widget_type=\"image.default\">\n\t\t\t\t<div class=\"elementor-widget-container\">\n\t\t\t\t\t\t\t\t\t\t\t\t\t\t\t<img decoding=\"async\" width=\"1707\" height=\"2560\" data-src=\"https:\/\/victoriaguill.com\/wp-content\/uploads\/2023\/04\/03-En-el-estudio-jpg-scaled.jpg\" class=\"attachment-full size-full wp-image-1636 lazyload\" alt=\"\" data-srcset=\"https:\/\/victoriaguill.com\/wp-content\/uploads\/2023\/04\/03-En-el-estudio-jpg-scaled.jpg 1707w, https:\/\/victoriaguill.com\/wp-content\/uploads\/2023\/04\/03-En-el-estudio-jpg-200x300.jpg 200w, https:\/\/victoriaguill.com\/wp-content\/uploads\/2023\/04\/03-En-el-estudio-jpg-683x1024.jpg 683w, https:\/\/victoriaguill.com\/wp-content\/uploads\/2023\/04\/03-En-el-estudio-jpg-768x1152.jpg 768w, https:\/\/victoriaguill.com\/wp-content\/uploads\/2023\/04\/03-En-el-estudio-jpg-1024x1536.jpg 1024w, https:\/\/victoriaguill.com\/wp-content\/uploads\/2023\/04\/03-En-el-estudio-jpg-1365x2048.jpg 1365w\" data-sizes=\"(max-width: 1707px) 100vw, 1707px\" src=\"data:image\/svg+xml;base64,PHN2ZyB3aWR0aD0iMSIgaGVpZ2h0PSIxIiB4bWxucz0iaHR0cDovL3d3dy53My5vcmcvMjAwMC9zdmciPjwvc3ZnPg==\" style=\"--smush-placeholder-width: 1707px; --smush-placeholder-aspect-ratio: 1707\/2560;\" \/>\t\t\t\t\t\t\t\t\t\t\t\t\t\t\t<\/div>\n\t\t\t\t<\/div>\n\t\t\t\t\t<\/div>\n\t\t<\/div>\n\t\t\t\t<div class=\"elementor-column elementor-col-50 elementor-top-column elementor-element elementor-element-2e0be096\" data-id=\"2e0be096\" data-element_type=\"column\" data-e-type=\"column\">\n\t\t\t<div class=\"elementor-widget-wrap elementor-element-populated\">\n\t\t\t\t\t\t<div class=\"elementor-element elementor-element-689a4188 elementor-widget elementor-widget-text-editor\" data-id=\"689a4188\" data-element_type=\"widget\" data-e-type=\"widget\" data-widget_type=\"text-editor.default\">\n\t\t\t\t<div class=\"elementor-widget-container\">\n\t\t\t\t\t\t\t\t\t<h6>\u00a0<\/h6><p><b>Exposiciones<\/b><\/p><ul><li style=\"font-weight: 400;\"><strong>2024\u00a0\u00a0\u00a0 <\/strong>Horizonte Vertical, Fundaci\u00f3n CB, Badajoz<\/li><li style=\"font-weight: 400;\"><strong>2022<\/strong> \u00a0\u00a0 Mon\u00f3logo, Casa da Cultura, Elvas (Portugal)<\/li><li style=\"font-weight: 400;\"><strong>2019<\/strong> \u00a0\u00a0 Ateneo de C\u00e1ceres, selecci\u00f3n de Obra<\/li><li style=\"font-weight: 400;\"><strong>2018\u00a0\u00a0\u00a0 <\/strong>Trazos, Zafra, Sala Tener\u00edas, con Grupo V\u00e9rtice<\/li><li style=\"font-weight: 400;\"><strong>2017\u00a0\u00a0\u00a0 <\/strong>Origen, Patio Noble de la Asamblea de Extremadura<\/li><li style=\"font-weight: 400;\"><strong>2016<\/strong> \u00a0\u00a0 Sur Oeste, Becerril de la Sierra, Madrid<\/li><li style=\"font-weight: 400;\"><strong>2015<\/strong> \u00a0\u00a0 Almanaque, \u00c1mbito Cultural El Corte Ingl\u00e9s. Badajoz\u00a0 \u00a0 \u00a0 \u00a0 \u00a0 \u00a0 \u00a0 \u00a0 \u00a0Exposici\u00f3n itinerante Iberian Pork Parade<\/li><li style=\"font-weight: 400;\"><strong>2014<\/strong>\u00a0\u00a0\u00a0 Almanaque, Galer\u00eda De Arte, DA, Badajoz<\/li><li style=\"font-weight: 400;\"><strong>2013\u00a0\u00a0\u00a0 <\/strong>Territorio Interior, Escuela de Artes de M\u00e9rida<\/li><li style=\"font-weight: 400;\"><strong>2012<\/strong> \u00a0\u00a0 Omnia in Bonum,\u00a0 Sala de Exposiciones Parador de \u00a0 \u00a0 \u00a0 \u00a0 \u00a0 \u00a0 \u00a0 \u00a0 \u00a0 \u00a0 M\u00e9rida<\/li><li style=\"font-weight: 400;\"><strong>2008<\/strong> \u00a0\u00a0 Aquarellas, Centro de Arte Alaudae, M\u00e9rida<\/li><li style=\"font-weight: 400;\"><strong>2005<\/strong> \u00a0\u00a0 El Miaj\u00f3n, Sala de Exposiciones, Asamblea de \u00a0 \u00a0 \u00a0 \u00a0 \u00a0 \u00a0 \u00a0 \u00a0 \u00a0 \u00a0 \u00a0 \u00a0 \u00a0 \u00a0 \u00a0Extremadura<\/li><li style=\"font-weight: 400;\"><strong>2004<\/strong> \u00a0\u00a0 2&#215;15, Portalegre (Portugal)<\/li><li style=\"font-weight: 400;\"><strong>2003\u00a0\u00a0\u00a0 <\/strong>Agrupamento Clubes Rotarios Introt-6<ul><li style=\"font-weight: 400;\">\u00a0 \u00a0Mujeres \u00abElvira Quintana\u00bb, Montijo (Badajoz)<\/li><li style=\"font-weight: 400;\">\u00a0 \u00a0M\u00e9rida Capital de Artistas, Biblioteca P\u00fablica Juan Pablo Forner (M\u00e9rida)<\/li><\/ul><\/li><li style=\"font-weight: 400;\"><strong>2002<\/strong> \u00a0\u00a0 C\u00f3rporis, Almendralejo (Badajoz) Conventual de San \u00a0 \u00a0 \u00a0 \u00a0 \u00a0 \u00a0 \u00a0 \u00a0 \u00a0Antonio<\/li><li style=\"font-weight: 400;\"><strong>2001\u00a0\u00a0\u00a0 <\/strong>Homenaje a Rosa Conde, Sevilla<ul><li style=\"font-weight: 400;\">\u00a0 \u00a0Grupo \u00abBatik Art\u00bb, Barcelona<\/li><\/ul><\/li><li style=\"font-weight: 400;\"><strong>2000\u00a0\u00a0\u00a0 <\/strong>Pura Geometr\u00eda, Villafranca de los Barros (Badajoz)<ul><li style=\"font-weight: 400;\">\u00a0 \u00a0Postales para las \u00faltimas Navidades del milenio UNED \u00a0 \u00a0M\u00e9rida (Badajoz)<\/li><\/ul><\/li><li style=\"font-weight: 400;\"><strong>1997<\/strong> \u00a0\u00a0 314 obras, Exposici\u00f3n Colectiva Asamblea de Extremadura (M\u00e9rida, Badajoz)<ul><li style=\"font-weight: 400;\"><span style=\"font-style: inherit; font-family: var( --e-global-typography-text-font-family ), Sans-serif;\">\u00a0 \u00a0Grupo Cuadro 5 Pintores Extreme\u00f1os<\/span><\/li><\/ul><\/li><li style=\"font-weight: 400;\"><strong>1996\u00a0\u00a0\u00a0 <\/strong>Duas Culturas, C\u00e1mara de Comercio de \u00c9vora \u00a0 \u00a0 \u00a0 \u00a0 \u00a0 \u00a0 \u00a0 \u00a0 \u00a0 \u00a0 \u00a0 \u00a0 \u00a0 \u00a0 (Portugal)<ul><li style=\"font-weight: 400;\">\u00a0 \u00a0Colectiva de Pintura M\u00e9rida (Badajoz)<\/li><li style=\"font-weight: 400;\">\u00a0 \u00a0Carpetas Serigr\u00e1ficas, Teatro, Grupo Cuadro<\/li><li style=\"font-weight: 400;\">\u00a0 \u00a0Puentes, Sala de Exposiciones, Caja Badajoz, \u00a0 \u00a0 \u00a0 \u00a0 \u00a0 \u00a0 \u00a0 \u00a0 \u00a0 (Badajoz)<\/li><li style=\"font-weight: 400;\">\u00a0 \u00a0Columnas, Sala de Exposiciones Caja Badajoz, M\u00e9rida \u00a0 (Badajoz)<\/li><\/ul><\/li><li style=\"font-weight: 400;\"><strong>1992<\/strong> \u00a0\u00a0 Primeras Pinturas, Sala de Exposiciones, Caja \u00a0 \u00a0 \u00a0 \u00a0 \u00a0 \u00a0 \u00a0 \u00a0 \u00a0 \u00a0 \u00a0 \u00a0 \u00a0 \u00a0 \u00a0Badajoz, M\u00e9rida (Badajoz)<\/li><li style=\"font-weight: 400;\"><strong>1985\u00a0\u00a0\u00a0 <\/strong>IX Sal\u00f3n de Oto\u00f1o de Pintura, Plasencia (C\u00e1ceres)<ul><li style=\"font-weight: 400;\">\u00a0 \u00a0Colectiva de Pintoras Extreme\u00f1as, Patio Excelent\u00edsimo \u00a0 \u00a0Ayuntamiento M\u00e9rida (Badajoz)<\/li><\/ul><\/li><li style=\"font-weight: 400;\"><strong>Obra en colecciones <\/strong><ul><li style=\"font-weight: 400;\">\u00a0 \u00a0Asamblea de Extremadura<\/li><li style=\"font-weight: 400;\">\u00a0 \u00a0C\u00e1mara de Comercio de \u00c9vora (Portugal)<\/li><li style=\"font-weight: 400;\">\u00a0 \u00a0Parador de M\u00e9rida<\/li><\/ul><\/li><\/ul>\t\t\t\t\t\t\t\t<\/div>\n\t\t\t\t<\/div>\n\t\t\t\t\t<\/div>\n\t\t<\/div>\n\t\t\t\t\t<\/div>\n\t\t<\/section>\n\t\t\t\t<\/div>\n\t\t","protected":false},"excerpt":{"rendered":"<p>\u00a0 Exposiciones 2024\u00a0\u00a0\u00a0 Horizonte Vertical, Fundaci\u00f3n CB, Badajoz 2022 \u00a0\u00a0 Mon\u00f3logo, Casa da Cultura, Elvas (Portugal) 2019 \u00a0\u00a0 Ateneo de C\u00e1ceres, selecci\u00f3n de Obra 2018\u00a0\u00a0\u00a0 Trazos, Zafra, Sala Tener\u00edas, con Grupo V\u00e9rtice 2017\u00a0\u00a0\u00a0 Origen, Patio Noble de la Asamblea de Extremadura 2016 \u00a0\u00a0 Sur Oeste, Becerril de la Sierra, Madrid 2015 \u00a0\u00a0 Almanaque, \u00c1mbito Cultural [&hellip;]<\/p>\n","protected":false},"author":1,"featured_media":0,"parent":0,"menu_order":0,"comment_status":"closed","ping_status":"closed","template":"","meta":{"site-sidebar-layout":"no-sidebar","site-content-layout":"page-builder","ast-site-content-layout":"default","site-content-style":"default","site-sidebar-style":"default","ast-global-header-display":"","ast-banner-title-visibility":"","ast-main-header-display":"","ast-hfb-above-header-display":"","ast-hfb-below-header-display":"","ast-hfb-mobile-header-display":"","site-post-title":"disabled","ast-breadcrumbs-content":"","ast-featured-img":"disabled","footer-sml-layout":"","ast-disable-related-posts":"","theme-transparent-header-meta":"","adv-header-id-meta":"","stick-header-meta":"","header-above-stick-meta":"","header-main-stick-meta":"","header-below-stick-meta":"","astra-migrate-meta-layouts":"default","ast-page-background-enabled":"default","ast-page-background-meta":{"desktop":{"background-color":"var(--ast-global-color-4)","background-image":"","background-repeat":"repeat","background-position":"center center","background-size":"auto","background-attachment":"scroll","background-type":"","background-media":"","overlay-type":"","overlay-color":"","overlay-opacity":"","overlay-gradient":""},"tablet":{"background-color":"","background-image":"","background-repeat":"repeat","background-position":"center center","background-size":"auto","background-attachment":"scroll","background-type":"","background-media":"","overlay-type":"","overlay-color":"","overlay-opacity":"","overlay-gradient":""},"mobile":{"background-color":"","background-image":"","background-repeat":"repeat","background-position":"center center","background-size":"auto","background-attachment":"scroll","background-type":"","background-media":"","overlay-type":"","overlay-color":"","overlay-opacity":"","overlay-gradient":""}},"ast-content-background-meta":{"desktop":{"background-color":"var(--ast-global-color-5)","background-image":"","background-repeat":"repeat","background-position":"center center","background-size":"auto","background-attachment":"scroll","background-type":"","background-media":"","overlay-type":"","overlay-color":"","overlay-opacity":"","overlay-gradient":""},"tablet":{"background-color":"var(--ast-global-color-5)","background-image":"","background-repeat":"repeat","background-position":"center center","background-size":"auto","background-attachment":"scroll","background-type":"","background-media":"","overlay-type":"","overlay-color":"","overlay-opacity":"","overlay-gradient":""},"mobile":{"background-color":"var(--ast-global-color-5)","background-image":"","background-repeat":"repeat","background-position":"center center","background-size":"auto","background-attachment":"scroll","background-type":"","background-media":"","overlay-type":"","overlay-color":"","overlay-opacity":"","overlay-gradient":""}},"footnotes":""},"class_list":["post-1674","page","type-page","status-publish","hentry"],"yoast_head":"<!-- This site is optimized with the Yoast SEO plugin v27.4 - https:\/\/yoast.com\/product\/yoast-seo-wordpress\/ -->\n<title>Exposiciones - Victoria Guill<\/title>\n<meta name=\"robots\" content=\"index, follow, max-snippet:-1, max-image-preview:large, max-video-preview:-1\" \/>\n<link rel=\"canonical\" href=\"https:\/\/victoriaguill.com\/index.php\/exposiciones\/\" \/>\n<meta property=\"og:locale\" content=\"es_ES\" \/>\n<meta property=\"og:type\" content=\"article\" \/>\n<meta property=\"og:title\" content=\"Exposiciones - Victoria Guill\" \/>\n<meta property=\"og:description\" content=\"\u00a0 Exposiciones 2024\u00a0\u00a0\u00a0 Horizonte Vertical, Fundaci\u00f3n CB, Badajoz 2022 \u00a0\u00a0 Mon\u00f3logo, Casa da Cultura, Elvas (Portugal) 2019 \u00a0\u00a0 Ateneo de C\u00e1ceres, selecci\u00f3n de Obra 2018\u00a0\u00a0\u00a0 Trazos, Zafra, Sala Tener\u00edas, con Grupo V\u00e9rtice 2017\u00a0\u00a0\u00a0 Origen, Patio Noble de la Asamblea de Extremadura 2016 \u00a0\u00a0 Sur Oeste, Becerril de la Sierra, Madrid 2015 \u00a0\u00a0 Almanaque, \u00c1mbito Cultural [&hellip;]\" \/>\n<meta property=\"og:url\" content=\"https:\/\/victoriaguill.com\/index.php\/exposiciones\/\" \/>\n<meta property=\"og:site_name\" content=\"Victoria Guill\" \/>\n<meta property=\"article:modified_time\" content=\"2024-06-02T10:26:34+00:00\" \/>\n<meta property=\"og:image\" content=\"http:\/\/victoriaguill.com\/wp-content\/uploads\/2023\/04\/Reto-16.jpeg\" \/>\n<meta name=\"twitter:card\" content=\"summary_large_image\" \/>\n<meta name=\"twitter:label1\" content=\"Tiempo de lectura\" \/>\n\t<meta name=\"twitter:data1\" content=\"2 minutos\" \/>\n<script type=\"application\/ld+json\" class=\"yoast-schema-graph\">{\"@context\":\"https:\\\/\\\/schema.org\",\"@graph\":[{\"@type\":\"WebPage\",\"@id\":\"https:\\\/\\\/victoriaguill.com\\\/index.php\\\/exposiciones\\\/\",\"url\":\"https:\\\/\\\/victoriaguill.com\\\/index.php\\\/exposiciones\\\/\",\"name\":\"Exposiciones - Victoria Guill\",\"isPartOf\":{\"@id\":\"https:\\\/\\\/victoriaguill.com\\\/#website\"},\"primaryImageOfPage\":{\"@id\":\"https:\\\/\\\/victoriaguill.com\\\/index.php\\\/exposiciones\\\/#primaryimage\"},\"image\":{\"@id\":\"https:\\\/\\\/victoriaguill.com\\\/index.php\\\/exposiciones\\\/#primaryimage\"},\"thumbnailUrl\":\"http:\\\/\\\/victoriaguill.com\\\/wp-content\\\/uploads\\\/2023\\\/04\\\/Reto-16.jpeg\",\"datePublished\":\"2023-04-11T14:56:10+00:00\",\"dateModified\":\"2024-06-02T10:26:34+00:00\",\"breadcrumb\":{\"@id\":\"https:\\\/\\\/victoriaguill.com\\\/index.php\\\/exposiciones\\\/#breadcrumb\"},\"inLanguage\":\"es\",\"potentialAction\":[{\"@type\":\"ReadAction\",\"target\":[\"https:\\\/\\\/victoriaguill.com\\\/index.php\\\/exposiciones\\\/\"]}]},{\"@type\":\"ImageObject\",\"inLanguage\":\"es\",\"@id\":\"https:\\\/\\\/victoriaguill.com\\\/index.php\\\/exposiciones\\\/#primaryimage\",\"url\":\"http:\\\/\\\/victoriaguill.com\\\/wp-content\\\/uploads\\\/2023\\\/04\\\/Reto-16.jpeg\",\"contentUrl\":\"http:\\\/\\\/victoriaguill.com\\\/wp-content\\\/uploads\\\/2023\\\/04\\\/Reto-16.jpeg\"},{\"@type\":\"BreadcrumbList\",\"@id\":\"https:\\\/\\\/victoriaguill.com\\\/index.php\\\/exposiciones\\\/#breadcrumb\",\"itemListElement\":[{\"@type\":\"ListItem\",\"position\":1,\"name\":\"Portada\",\"item\":\"https:\\\/\\\/victoriaguill.com\\\/\"},{\"@type\":\"ListItem\",\"position\":2,\"name\":\"Exposiciones\"}]},{\"@type\":\"WebSite\",\"@id\":\"https:\\\/\\\/victoriaguill.com\\\/#website\",\"url\":\"https:\\\/\\\/victoriaguill.com\\\/\",\"name\":\"Victoria Guill\",\"description\":\"Artista pintora\",\"potentialAction\":[{\"@type\":\"SearchAction\",\"target\":{\"@type\":\"EntryPoint\",\"urlTemplate\":\"https:\\\/\\\/victoriaguill.com\\\/?s={search_term_string}\"},\"query-input\":{\"@type\":\"PropertyValueSpecification\",\"valueRequired\":true,\"valueName\":\"search_term_string\"}}],\"inLanguage\":\"es\"}]}<\/script>\n<!-- \/ Yoast SEO plugin. -->","yoast_head_json":{"title":"Exposiciones - Victoria Guill","robots":{"index":"index","follow":"follow","max-snippet":"max-snippet:-1","max-image-preview":"max-image-preview:large","max-video-preview":"max-video-preview:-1"},"canonical":"https:\/\/victoriaguill.com\/index.php\/exposiciones\/","og_locale":"es_ES","og_type":"article","og_title":"Exposiciones - Victoria Guill","og_description":"\u00a0 Exposiciones 2024\u00a0\u00a0\u00a0 Horizonte Vertical, Fundaci\u00f3n CB, Badajoz 2022 \u00a0\u00a0 Mon\u00f3logo, Casa da Cultura, Elvas (Portugal) 2019 \u00a0\u00a0 Ateneo de C\u00e1ceres, selecci\u00f3n de Obra 2018\u00a0\u00a0\u00a0 Trazos, Zafra, Sala Tener\u00edas, con Grupo V\u00e9rtice 2017\u00a0\u00a0\u00a0 Origen, Patio Noble de la Asamblea de Extremadura 2016 \u00a0\u00a0 Sur Oeste, Becerril de la Sierra, Madrid 2015 \u00a0\u00a0 Almanaque, \u00c1mbito Cultural [&hellip;]","og_url":"https:\/\/victoriaguill.com\/index.php\/exposiciones\/","og_site_name":"Victoria Guill","article_modified_time":"2024-06-02T10:26:34+00:00","og_image":[{"url":"http:\/\/victoriaguill.com\/wp-content\/uploads\/2023\/04\/Reto-16.jpeg","type":"","width":"","height":""}],"twitter_card":"summary_large_image","twitter_misc":{"Tiempo de lectura":"2 minutos"},"schema":{"@context":"https:\/\/schema.org","@graph":[{"@type":"WebPage","@id":"https:\/\/victoriaguill.com\/index.php\/exposiciones\/","url":"https:\/\/victoriaguill.com\/index.php\/exposiciones\/","name":"Exposiciones - Victoria Guill","isPartOf":{"@id":"https:\/\/victoriaguill.com\/#website"},"primaryImageOfPage":{"@id":"https:\/\/victoriaguill.com\/index.php\/exposiciones\/#primaryimage"},"image":{"@id":"https:\/\/victoriaguill.com\/index.php\/exposiciones\/#primaryimage"},"thumbnailUrl":"http:\/\/victoriaguill.com\/wp-content\/uploads\/2023\/04\/Reto-16.jpeg","datePublished":"2023-04-11T14:56:10+00:00","dateModified":"2024-06-02T10:26:34+00:00","breadcrumb":{"@id":"https:\/\/victoriaguill.com\/index.php\/exposiciones\/#breadcrumb"},"inLanguage":"es","potentialAction":[{"@type":"ReadAction","target":["https:\/\/victoriaguill.com\/index.php\/exposiciones\/"]}]},{"@type":"ImageObject","inLanguage":"es","@id":"https:\/\/victoriaguill.com\/index.php\/exposiciones\/#primaryimage","url":"http:\/\/victoriaguill.com\/wp-content\/uploads\/2023\/04\/Reto-16.jpeg","contentUrl":"http:\/\/victoriaguill.com\/wp-content\/uploads\/2023\/04\/Reto-16.jpeg"},{"@type":"BreadcrumbList","@id":"https:\/\/victoriaguill.com\/index.php\/exposiciones\/#breadcrumb","itemListElement":[{"@type":"ListItem","position":1,"name":"Portada","item":"https:\/\/victoriaguill.com\/"},{"@type":"ListItem","position":2,"name":"Exposiciones"}]},{"@type":"WebSite","@id":"https:\/\/victoriaguill.com\/#website","url":"https:\/\/victoriaguill.com\/","name":"Victoria Guill","description":"Artista pintora","potentialAction":[{"@type":"SearchAction","target":{"@type":"EntryPoint","urlTemplate":"https:\/\/victoriaguill.com\/?s={search_term_string}"},"query-input":{"@type":"PropertyValueSpecification","valueRequired":true,"valueName":"search_term_string"}}],"inLanguage":"es"}]}},"_links":{"self":[{"href":"https:\/\/victoriaguill.com\/index.php\/wp-json\/wp\/v2\/pages\/1674","targetHints":{"allow":["GET"]}}],"collection":[{"href":"https:\/\/victoriaguill.com\/index.php\/wp-json\/wp\/v2\/pages"}],"about":[{"href":"https:\/\/victoriaguill.com\/index.php\/wp-json\/wp\/v2\/types\/page"}],"author":[{"embeddable":true,"href":"https:\/\/victoriaguill.com\/index.php\/wp-json\/wp\/v2\/users\/1"}],"replies":[{"embeddable":true,"href":"https:\/\/victoriaguill.com\/index.php\/wp-json\/wp\/v2\/comments?post=1674"}],"version-history":[{"count":52,"href":"https:\/\/victoriaguill.com\/index.php\/wp-json\/wp\/v2\/pages\/1674\/revisions"}],"predecessor-version":[{"id":2686,"href":"https:\/\/victoriaguill.com\/index.php\/wp-json\/wp\/v2\/pages\/1674\/revisions\/2686"}],"wp:attachment":[{"href":"https:\/\/victoriaguill.com\/index.php\/wp-json\/wp\/v2\/media?parent=1674"}],"curies":[{"name":"wp","href":"https:\/\/api.w.org\/{rel}","templated":true}]}}